{"id":19,"date":"2025-09-09T11:49:46","date_gmt":"2025-09-09T11:49:46","guid":{"rendered":"https:\/\/prevencionsuicidioaragon.es\/index.php\/home\/"},"modified":"2025-09-24T11:06:00","modified_gmt":"2025-09-24T11:06:00","slug":"home","status":"publish","type":"page","link":"https:\/\/prevencionsuicidioaragon.es\/","title":{"rendered":"Home"},"content":{"rendered":"\t\t<div data-elementor-type=\"wp-page\" data-elementor-id=\"19\" class=\"elementor elementor-19\">\n\t\t\t\t<div class=\"elementor-element elementor-element-4c4c646f e-con-full animated-fast e-flex elementor-invisible e-con e-parent\" data-id=\"4c4c646f\" data-element_type=\"container\" id=\"inicio\" data-settings=\"{&quot;animation&quot;:&quot;fadeIn&quot;}\">\n\t\t\t\t<div class=\"elementor-element elementor-element-d78db60 elementor-widget elementor-widget-image\" data-id=\"d78db60\" data-element_type=\"widget\" data-widget_type=\"image.default\">\n\t\t\t\t\t\t\t\t\t\t\t\t\t\t\t<img fetchpriority=\"high\" decoding=\"async\" width=\"613\" height=\"721\" src=\"https:\/\/prevencionsuicidioaragon.es\/wp-content\/uploads\/2025\/09\/medicamento_pastillas_salud_mental-3.png\" class=\"attachment-large size-large wp-image-177\" alt=\"\" srcset=\"https:\/\/prevencionsuicidioaragon.es\/wp-content\/uploads\/2025\/09\/medicamento_pastillas_salud_mental-3.png 613w, https:\/\/prevencionsuicidioaragon.es\/wp-content\/uploads\/2025\/09\/medicamento_pastillas_salud_mental-3-255x300.png 255w\" sizes=\"(max-width: 613px) 100vw, 613px\" \/>\t\t\t\t\t\t\t\t\t\t\t\t\t\t\t<\/div>\n\t\t<div class=\"elementor-element elementor-element-a068c23 e-con-full animated-fast e-flex elementor-invisible e-con e-child\" data-id=\"a068c23\" data-element_type=\"container\" data-settings=\"{&quot;background_background&quot;:&quot;classic&quot;,&quot;animation&quot;:&quot;fadeIn&quot;}\">\n\t\t\t\t<div class=\"elementor-element elementor-element-799dfc21 animated-fast elementor-invisible elementor-widget elementor-widget-flex-hero\" data-id=\"799dfc21\" data-element_type=\"widget\" data-settings=\"{&quot;layout_preset&quot;:&quot;storytelling&quot;,&quot;box_shape&quot;:&quot;custom&quot;,&quot;primary_button_shape&quot;:&quot;round&quot;,&quot;secondary_button_shape&quot;:&quot;round&quot;,&quot;_animation&quot;:&quot;fadeIn&quot;,&quot;_animation_delay&quot;:&quot;200&quot;,&quot;image_shape&quot;:&quot;sharp&quot;}\" data-widget_type=\"flex-hero.default\">\n\t\t\t\t<div class=\"elementor-widget-container\">\n\t\t\t\t\t\t\t<div class=\"has-shape-custom shape-type-box ehp-flex-hero has-layout-preset-storytelling\">\n\t\t\t\t\t\t<div class=\"ehp-flex-hero__overlay\"><\/div>\n\t\t\t<div class=\"ehp-flex-hero__content-container\">\n\t\t\t\t<h1 class=\"ehp-flex-hero__heading\">\u00bfLo tienes a mano?<br>\n<span style=\"color:#F0E408\">Tu hij@<\/span> tambi\u00e9n\n<\/h1>\t\t\t<div class=\"ehp-flex-hero__ctas-container\">\n\t\t\t\t\t\t\t\t\t\t<a class=\"has-shape-round shape-type-button ehp-button ehp-button--secondary ehp-flex-hero__button ehp-flex-hero__button--secondary is-type-button elementor-animation-shrink has-border\" href=\"https:\/\/prevencionsuicidioaragon.es\/#recomendaciones\">\n\t\t\t\t\t<span class=\"ehp-button__text ehp-flex-hero__button-text ehp-flex-hero__button-text--secondary\">\n\t\t\tInf\u00f3rmate\t\t\t\t<\/a>\n\t\t\t\t\t<\/div>\n\t\t\t\t\t<\/div>\n\t\t\t\t<div class=\"ehp-flex-hero__image-wrapper\">\n\t\t\t\t<\/div>\n\t\t\t\t<\/div>\n\t\t\t\t\t\t<\/div>\n\t\t\t\t<\/div>\n\t\t\t\t<div class=\"elementor-element elementor-element-93f4bc8 elementor-widget elementor-widget-heading\" data-id=\"93f4bc8\" data-element_type=\"widget\" data-widget_type=\"heading.default\">\n\t\t\t\t\t<h2 class=\"elementor-heading-title elementor-size-default\">M\u00e1s de 100 fallecidos por suicidio al a\u00f1o en Arag\u00f3n.<\/h2>\t\t\t\t<\/div>\n\t\t\t\t<div class=\"elementor-element elementor-element-205c354 elementor-widget elementor-widget-heading\" data-id=\"205c354\" data-element_type=\"widget\" data-widget_type=\"heading.default\">\n\t\t\t\t\t<h2 class=\"elementor-heading-title elementor-size-default\">El 85% de intentos de los j\u00f3venes fue con f\u00e1rmacos.<\/h2>\t\t\t\t<\/div>\n\t\t\t\t<\/div>\n\t\t\t\t<\/div>\n\t\t<div class=\"elementor-element elementor-element-762a608 e-flex e-con-boxed e-con e-parent\" data-id=\"762a608\" data-element_type=\"container\">\n\t\t\t\t\t<div class=\"e-con-inner\">\n\t\t<div class=\"elementor-element elementor-element-1713503 e-con-full e-flex e-con e-child\" data-id=\"1713503\" data-element_type=\"container\">\n\t\t\t\t<div class=\"elementor-element elementor-element-4273ec8 elementor-widget elementor-widget-image\" data-id=\"4273ec8\" data-element_type=\"widget\" data-widget_type=\"image.default\">\n\t\t\t\t\t\t\t\t\t\t\t\t\t\t\t<img decoding=\"async\" width=\"800\" height=\"341\" src=\"https:\/\/prevencionsuicidioaragon.es\/wp-content\/uploads\/2025\/09\/PREVENCION_SUICIDIO_SPOT_1--1024x437.png\" class=\"attachment-large size-large wp-image-275\" alt=\"\" srcset=\"https:\/\/prevencionsuicidioaragon.es\/wp-content\/uploads\/2025\/09\/PREVENCION_SUICIDIO_SPOT_1--1024x437.png 1024w, https:\/\/prevencionsuicidioaragon.es\/wp-content\/uploads\/2025\/09\/PREVENCION_SUICIDIO_SPOT_1--300x128.png 300w, https:\/\/prevencionsuicidioaragon.es\/wp-content\/uploads\/2025\/09\/PREVENCION_SUICIDIO_SPOT_1--768x328.png 768w, https:\/\/prevencionsuicidioaragon.es\/wp-content\/uploads\/2025\/09\/PREVENCION_SUICIDIO_SPOT_1--1536x656.png 1536w, https:\/\/prevencionsuicidioaragon.es\/wp-content\/uploads\/2025\/09\/PREVENCION_SUICIDIO_SPOT_1--2048x875.png 2048w\" sizes=\"(max-width: 800px) 100vw, 800px\" \/>\t\t\t\t\t\t\t\t\t\t\t\t\t\t\t<\/div>\n\t\t\t\t<\/div>\n\t\t<div class=\"elementor-element elementor-element-105ce4e e-con-full e-flex e-con e-child\" data-id=\"105ce4e\" data-element_type=\"container\">\n\t\t\t\t<div class=\"elementor-element elementor-element-512ec5a elementor-widget elementor-widget-image\" data-id=\"512ec5a\" data-element_type=\"widget\" data-widget_type=\"image.default\">\n\t\t\t\t\t\t\t\t\t\t\t\t\t\t\t<img decoding=\"async\" width=\"800\" height=\"343\" src=\"https:\/\/prevencionsuicidioaragon.es\/wp-content\/uploads\/2025\/09\/PREVENCION_SUICIDIO_SPOT-2-1024x439.png\" class=\"attachment-large size-large wp-image-274\" alt=\"\" srcset=\"https:\/\/prevencionsuicidioaragon.es\/wp-content\/uploads\/2025\/09\/PREVENCION_SUICIDIO_SPOT-2-1024x439.png 1024w, https:\/\/prevencionsuicidioaragon.es\/wp-content\/uploads\/2025\/09\/PREVENCION_SUICIDIO_SPOT-2-300x129.png 300w, https:\/\/prevencionsuicidioaragon.es\/wp-content\/uploads\/2025\/09\/PREVENCION_SUICIDIO_SPOT-2-768x329.png 768w, https:\/\/prevencionsuicidioaragon.es\/wp-content\/uploads\/2025\/09\/PREVENCION_SUICIDIO_SPOT-2-1536x658.png 1536w, https:\/\/prevencionsuicidioaragon.es\/wp-content\/uploads\/2025\/09\/PREVENCION_SUICIDIO_SPOT-2-2048x878.png 2048w\" sizes=\"(max-width: 800px) 100vw, 800px\" \/>\t\t\t\t\t\t\t\t\t\t\t\t\t\t\t<\/div>\n\t\t\t\t<\/div>\n\t\t\t\t\t<\/div>\n\t\t\t\t<\/div>\n\t\t<div class=\"elementor-element elementor-element-7831048 e-flex e-con-boxed e-con e-parent\" data-id=\"7831048\" data-element_type=\"container\">\n\t\t\t\t\t<div class=\"e-con-inner\">\n\t\t\t\t<div class=\"elementor-element elementor-element-e4ae521 animated-fast elementor-invisible elementor-widget elementor-widget-flex-hero\" data-id=\"e4ae521\" data-element_type=\"widget\" data-settings=\"{&quot;layout_preset&quot;:&quot;storytelling&quot;,&quot;box_shape&quot;:&quot;custom&quot;,&quot;primary_button_shape&quot;:&quot;round&quot;,&quot;secondary_button_shape&quot;:&quot;round&quot;,&quot;_animation&quot;:&quot;fadeIn&quot;,&quot;_animation_delay&quot;:&quot;200&quot;,&quot;image_shape&quot;:&quot;sharp&quot;}\" data-widget_type=\"flex-hero.default\">\n\t\t\t\t<div class=\"elementor-widget-container\">\n\t\t\t\t\t\t\t<div class=\"has-shape-custom shape-type-box ehp-flex-hero has-layout-preset-storytelling\">\n\t\t\t\t\t\t<div class=\"ehp-flex-hero__overlay\"><\/div>\n\t\t\t<div class=\"ehp-flex-hero__content-container\">\n\t\t\t\t<p class=\"ehp-flex-hero__intro\">CAMPA\u00d1A DE PREVENCI\u00d3N DEL <BR>SUICIDIO POR SOBREINGESTA DE F\u00c1RMACOS<\/p><h2 class=\"ehp-flex-hero__heading\">RECOMENDACIONES:\n<\/h2>\t\t\t<div class=\"ehp-flex-hero__ctas-container\">\n\t\t\t\t\t\t\t\t\t\t\t<\/div>\n\t\t\t\t\t<\/div>\n\t\t\t\t<div class=\"ehp-flex-hero__image-wrapper\">\n\t\t\t\t<\/div>\n\t\t\t\t<\/div>\n\t\t\t\t\t\t<\/div>\n\t\t\t\t<\/div>\n\t\t\t\t\t<\/div>\n\t\t\t\t<\/div>\n\t\t<div class=\"elementor-element elementor-element-3169dd97 e-grid e-con-full e-con e-parent\" data-id=\"3169dd97\" data-element_type=\"container\" id=\"recomendaciones\">\n\t\t\t\t<div class=\"elementor-element elementor-element-f33bd1c elementor-widget__width-inherit animated-fast elementor-invisible elementor-widget elementor-widget-cta\" data-id=\"f33bd1c\" data-element_type=\"widget\" data-settings=\"{&quot;layout_preset&quot;:&quot;streamline&quot;,&quot;content_alignment&quot;:&quot;start&quot;,&quot;_animation&quot;:&quot;rotateInUpLeft&quot;,&quot;_animation_delay&quot;:&quot;100&quot;,&quot;content_alignment_tablet&quot;:&quot;center&quot;,&quot;content_alignment_mobile&quot;:&quot;center&quot;,&quot;primary_button_shape&quot;:&quot;default&quot;,&quot;cta_width&quot;:&quot;default&quot;,&quot;cta_position&quot;:&quot;default&quot;,&quot;box_shape&quot;:&quot;sharp&quot;}\" data-widget_type=\"cta.default\">\n\t\t\t\t<div class=\"elementor-widget-container\">\n\t\t\t\t\t\t\t<div class=\"has-shape-sharp shape-type-box ehp-cta has-preset-streamline\">\n\t\t\t<div class=\"ehp-cta__overlay\"><\/div>\n\t\t\t<div class=\"ehp-cta__elements-container\">\n\t\t\t\t\t\t<div class=\"ehp-cta__text-container\">\n\t\t\t<span class=\"ehp-cta__heading\"><span style=\"font-size:20pt\">1<\/span>\n<\/span><p class=\"ehp-cta__description\">Guarda los f\u00e1rmacos, recetas electr\u00f3nicas y tarjetas de seguridad social en un lugar seguro.<\/p>\t\t<\/div>\n\t\t\t\t\t<div class=\"ehp-cta__ctas-container has-cta-width-default\">\n\t\t\t\t<div class=\"ehp-cta__buttons-wrapper\">\n\t\t\t\t\t\t\t\t\t\t\t\t\t\t<\/div>\n\t\t\t<\/div>\n\t\t\t\t\t<\/div>\n\t\t<\/div>\n\t\t\t\t\t\t<\/div>\n\t\t\t\t<\/div>\n\t\t\t\t<div class=\"elementor-element elementor-element-6e53bb3e elementor-widget__width-inherit animated-fast elementor-invisible elementor-widget elementor-widget-cta\" data-id=\"6e53bb3e\" data-element_type=\"widget\" data-settings=\"{&quot;layout_preset&quot;:&quot;streamline&quot;,&quot;content_alignment&quot;:&quot;start&quot;,&quot;_animation&quot;:&quot;rotateInUpLeft&quot;,&quot;_animation_delay&quot;:&quot;400&quot;,&quot;content_alignment_tablet&quot;:&quot;center&quot;,&quot;content_alignment_mobile&quot;:&quot;center&quot;,&quot;primary_button_shape&quot;:&quot;default&quot;,&quot;cta_width&quot;:&quot;default&quot;,&quot;cta_position&quot;:&quot;default&quot;,&quot;box_shape&quot;:&quot;sharp&quot;}\" data-widget_type=\"cta.default\">\n\t\t\t\t<div class=\"elementor-widget-container\">\n\t\t\t\t\t\t\t<div class=\"has-shape-sharp shape-type-box ehp-cta has-preset-streamline\">\n\t\t\t<div class=\"ehp-cta__overlay\"><\/div>\n\t\t\t<div class=\"ehp-cta__elements-container\">\n\t\t\t\t\t\t<div class=\"ehp-cta__text-container\">\n\t\t\t<span class=\"ehp-cta__heading\"><span style=\"font-size:20pt\">2<\/span><\/span><p class=\"ehp-cta__description\">Considera comprar una caja de seguridad para impedir retiradas de la farmacia sin supervisi\u00f3n y\/o acompa\u00f1amiento.<\/p>\t\t<\/div>\n\t\t\t\t\t<div class=\"ehp-cta__ctas-container has-cta-width-default\">\n\t\t\t\t<div class=\"ehp-cta__buttons-wrapper\">\n\t\t\t\t\t\t\t\t\t\t\t\t\t\t<\/div>\n\t\t\t<\/div>\n\t\t\t\t\t<\/div>\n\t\t<\/div>\n\t\t\t\t\t\t<\/div>\n\t\t\t\t<\/div>\n\t\t\t\t<div class=\"elementor-element elementor-element-548091a4 elementor-widget__width-inherit animated-fast elementor-invisible elementor-widget elementor-widget-cta\" data-id=\"548091a4\" data-element_type=\"widget\" data-settings=\"{&quot;layout_preset&quot;:&quot;streamline&quot;,&quot;content_alignment&quot;:&quot;start&quot;,&quot;_animation&quot;:&quot;rotateInUpLeft&quot;,&quot;_animation_delay&quot;:&quot;600&quot;,&quot;content_alignment_tablet&quot;:&quot;center&quot;,&quot;content_alignment_mobile&quot;:&quot;center&quot;,&quot;primary_button_shape&quot;:&quot;default&quot;,&quot;cta_width&quot;:&quot;default&quot;,&quot;cta_position&quot;:&quot;default&quot;,&quot;box_shape&quot;:&quot;sharp&quot;}\" data-widget_type=\"cta.default\">\n\t\t\t\t<div class=\"elementor-widget-container\">\n\t\t\t\t\t\t\t<div class=\"has-shape-sharp shape-type-box ehp-cta has-preset-streamline\">\n\t\t\t<div class=\"ehp-cta__overlay\"><\/div>\n\t\t\t<div class=\"ehp-cta__elements-container\">\n\t\t\t\t\t\t<div class=\"ehp-cta__text-container\">\n\t\t\t<span class=\"ehp-cta__heading\"><span style=\"font-size:20pt\">3<\/span><\/span><p class=\"ehp-cta__description\">No acumules medicamentos: des\u00e9chalos en el punto SIGRE de tu farmacia una vez utilizados o caducados.<\/p>\t\t<\/div>\n\t\t\t\t\t<div class=\"ehp-cta__ctas-container has-cta-width-default\">\n\t\t\t\t<div class=\"ehp-cta__buttons-wrapper\">\n\t\t\t\t\t\t\t\t\t\t\t\t\t\t<\/div>\n\t\t\t<\/div>\n\t\t\t\t\t<\/div>\n\t\t<\/div>\n\t\t\t\t\t\t<\/div>\n\t\t\t\t<\/div>\n\t\t\t\t<div class=\"elementor-element elementor-element-b4f8483 elementor-widget__width-inherit animated-fast elementor-invisible elementor-widget elementor-widget-cta\" data-id=\"b4f8483\" data-element_type=\"widget\" data-settings=\"{&quot;layout_preset&quot;:&quot;streamline&quot;,&quot;content_alignment&quot;:&quot;start&quot;,&quot;_animation&quot;:&quot;rotateInUpLeft&quot;,&quot;_animation_delay&quot;:&quot;1000&quot;,&quot;content_alignment_tablet&quot;:&quot;center&quot;,&quot;content_alignment_mobile&quot;:&quot;center&quot;,&quot;primary_button_shape&quot;:&quot;default&quot;,&quot;cta_width&quot;:&quot;default&quot;,&quot;cta_position&quot;:&quot;default&quot;,&quot;box_shape&quot;:&quot;sharp&quot;}\" data-widget_type=\"cta.default\">\n\t\t\t\t<div class=\"elementor-widget-container\">\n\t\t\t\t\t\t\t<div class=\"has-shape-sharp shape-type-box ehp-cta has-preset-streamline\">\n\t\t\t<div class=\"ehp-cta__overlay\"><\/div>\n\t\t\t<div class=\"ehp-cta__elements-container\">\n\t\t\t\t\t\t<div class=\"ehp-cta__text-container\">\n\t\t\t<span class=\"ehp-cta__heading\"><span style=\"font-size:20pt\">5<\/span><\/span><p class=\"ehp-cta__description\">Valora la posibilidad de usar pastilleros electr\u00f3nicos, en caso de\nnecesitarlo si no puedes supervisar la medicaci\u00f3n del menor\npresencialmente.<\/p>\t\t<\/div>\n\t\t\t\t\t<div class=\"ehp-cta__ctas-container has-cta-width-default\">\n\t\t\t\t<div class=\"ehp-cta__buttons-wrapper\">\n\t\t\t\t\t\t\t\t\t\t\t\t\t\t<\/div>\n\t\t\t<\/div>\n\t\t\t\t\t<\/div>\n\t\t<\/div>\n\t\t\t\t\t\t<\/div>\n\t\t\t\t<\/div>\n\t\t\t\t<div class=\"elementor-element elementor-element-4b5aa9c elementor-widget__width-inherit animated-fast elementor-widget-mobile__width-inherit elementor-invisible elementor-widget elementor-widget-cta\" data-id=\"4b5aa9c\" data-element_type=\"widget\" data-settings=\"{&quot;layout_preset&quot;:&quot;streamline&quot;,&quot;content_alignment&quot;:&quot;start&quot;,&quot;_animation&quot;:&quot;rotateInDownLeft&quot;,&quot;_animation_delay&quot;:&quot;800&quot;,&quot;content_alignment_tablet&quot;:&quot;center&quot;,&quot;content_alignment_mobile&quot;:&quot;center&quot;,&quot;primary_button_shape&quot;:&quot;default&quot;,&quot;cta_width&quot;:&quot;default&quot;,&quot;cta_position&quot;:&quot;default&quot;,&quot;box_shape&quot;:&quot;sharp&quot;}\" data-widget_type=\"cta.default\">\n\t\t\t\t<div class=\"elementor-widget-container\">\n\t\t\t\t\t\t\t<div class=\"has-shape-sharp shape-type-box ehp-cta has-preset-streamline\">\n\t\t\t<div class=\"ehp-cta__overlay\"><\/div>\n\t\t\t<div class=\"ehp-cta__elements-container\">\n\t\t\t\t\t\t<div class=\"ehp-cta__text-container\">\n\t\t\t<span class=\"ehp-cta__heading\"><span style=\"font-size:20pt\">4<\/span><\/span><p class=\"ehp-cta__description\">Recuerda a familiares y visitantes que mantengan medicamentos, tarjetas sanitarias y recetas electr\u00f3nicas fuera del alcance de los menores.<\/p>\t\t<\/div>\n\t\t\t\t\t<div class=\"ehp-cta__ctas-container has-cta-width-default\">\n\t\t\t\t<div class=\"ehp-cta__buttons-wrapper\">\n\t\t\t\t\t\t\t\t\t\t\t\t\t\t<\/div>\n\t\t\t<\/div>\n\t\t\t\t\t<\/div>\n\t\t<\/div>\n\t\t\t\t\t\t<\/div>\n\t\t\t\t<\/div>\n\t\t\t\t<\/div>\n\t\t<div class=\"elementor-element elementor-element-c9f7c6a e-flex e-con-boxed e-con e-parent\" data-id=\"c9f7c6a\" data-element_type=\"container\" data-settings=\"{&quot;background_background&quot;:&quot;classic&quot;}\">\n\t\t\t\t\t<div class=\"e-con-inner\">\n\t\t\t\t<div class=\"elementor-element elementor-element-025c848 elementor-widget elementor-widget-image\" data-id=\"025c848\" data-element_type=\"widget\" data-widget_type=\"image.default\">\n\t\t\t\t\t\t\t\t\t\t\t\t\t\t\t<img loading=\"lazy\" decoding=\"async\" width=\"800\" height=\"59\" src=\"https:\/\/prevencionsuicidioaragon.es\/wp-content\/uploads\/2025\/09\/FALDON-1024x75.jpg\" class=\"attachment-large size-large wp-image-269\" alt=\"\" srcset=\"https:\/\/prevencionsuicidioaragon.es\/wp-content\/uploads\/2025\/09\/FALDON-1024x75.jpg 1024w, https:\/\/prevencionsuicidioaragon.es\/wp-content\/uploads\/2025\/09\/FALDON-300x22.jpg 300w, https:\/\/prevencionsuicidioaragon.es\/wp-content\/uploads\/2025\/09\/FALDON-768x56.jpg 768w, https:\/\/prevencionsuicidioaragon.es\/wp-content\/uploads\/2025\/09\/FALDON-1536x113.jpg 1536w, https:\/\/prevencionsuicidioaragon.es\/wp-content\/uploads\/2025\/09\/FALDON.jpg 1920w\" sizes=\"(max-width: 800px) 100vw, 800px\" \/>\t\t\t\t\t\t\t\t\t\t\t\t\t\t\t<\/div>\n\t\t\t\t\t<\/div>\n\t\t\t\t<\/div>\n\t\t\t\t<\/div>\n\t\t","protected":false},"excerpt":{"rendered":"<p>\u00bfLo tienes a mano? Tu hij@ tambi\u00e9n Inf\u00f3rmate M\u00e1s de 100 fallecidos por suicidio al a\u00f1o en Arag\u00f3n. El 85% de intentos de los j\u00f3venes fue con f\u00e1rmacos. CAMPA\u00d1A DE PREVENCI\u00d3N DEL SUICIDIO POR SOBREINGESTA DE F\u00c1RMACOS RECOMENDACIONES: 1 Guarda los f\u00e1rmacos, recetas electr\u00f3nicas y tarjetas de seguridad social en un lugar seguro. 2 Considera [&hellip;]<\/p>\n","protected":false},"author":1,"featured_media":0,"parent":0,"menu_order":0,"comment_status":"closed","ping_status":"closed","template":"elementor_header_footer","meta":{"footnotes":""},"class_list":["post-19","page","type-page","status-publish","hentry"],"_links":{"self":[{"href":"https:\/\/prevencionsuicidioaragon.es\/index.php\/wp-json\/wp\/v2\/pages\/19","targetHints":{"allow":["GET"]}}],"collection":[{"href":"https:\/\/prevencionsuicidioaragon.es\/index.php\/wp-json\/wp\/v2\/pages"}],"about":[{"href":"https:\/\/prevencionsuicidioaragon.es\/index.php\/wp-json\/wp\/v2\/types\/page"}],"author":[{"embeddable":true,"href":"https:\/\/prevencionsuicidioaragon.es\/index.php\/wp-json\/wp\/v2\/users\/1"}],"replies":[{"embeddable":true,"href":"https:\/\/prevencionsuicidioaragon.es\/index.php\/wp-json\/wp\/v2\/comments?post=19"}],"version-history":[{"count":163,"href":"https:\/\/prevencionsuicidioaragon.es\/index.php\/wp-json\/wp\/v2\/pages\/19\/revisions"}],"predecessor-version":[{"id":285,"href":"https:\/\/prevencionsuicidioaragon.es\/index.php\/wp-json\/wp\/v2\/pages\/19\/revisions\/285"}],"wp:attachment":[{"href":"https:\/\/prevencionsuicidioaragon.es\/index.php\/wp-json\/wp\/v2\/media?parent=19"}],"curies":[{"name":"wp","href":"https:\/\/api.w.org\/{rel}","templated":true}]}}